{"id":9,"date":"2024-10-08T14:38:35","date_gmt":"2024-10-08T17:38:35","guid":{"rendered":"http:\/\/freirers.com.br\/?page_id=9"},"modified":"2026-04-21T13:54:22","modified_gmt":"2026-04-21T16:54:22","slug":"fernando-freire","status":"publish","type":"page","link":"https:\/\/freirers.com.br\/","title":{"rendered":"Fernando Freire"},"content":{"rendered":"\n<hr class=\"wp-block-separator has-text-color has-vivid-cyan-blue-color has-alpha-channel-opacity has-vivid-cyan-blue-background-color has-background is-style-wide\"\/>\n\n\n\n<figure class=\"wp-block-image size-full is-resized\"><img loading=\"lazy\" decoding=\"async\" width=\"768\" height=\"432\" src=\"http:\/\/freirers.com.br\/wp-content\/uploads\/2024\/10\/freirers.png\" alt=\"\" class=\"wp-image-11\" style=\"width:840px;height:auto\" srcset=\"https:\/\/freirers.com.br\/wp-content\/uploads\/2024\/10\/freirers.png 768w, https:\/\/freirers.com.br\/wp-content\/uploads\/2024\/10\/freirers-300x169.png 300w\" sizes=\"auto, (max-width: 768px) 100vw, 768px\" \/><\/figure>\n\n\n\n<p>F\u00e9rias em Canela\/RS \u2013 05\/02\/2015 \u2013 14:14<\/p>\n\n\n\n<p>Bem assim\u2026 viver\u2026 acordar e fazer o que tem de ser feito, observando tudo e compreendendo e crescendo, e aprendendo\u2026.Seguindo em frente sempre.<\/p>\n\n\n\n<p>Feliz da vida.<\/p>\n\n\n\n<p>Estou bem onde quer que esteja, ali\u00e1s, sempre estive onde quis estar\u2026<\/p>\n\n\n\n<p>Ser bom. Viver com intensidade. Trabalhar. Produzir Construir\u2026 para que l\u00e1 adiante olhe pra tr\u00e1s ao dar tchau possa dizer: \u201cBah!\u2026 Quanta coisa boa eu fiz\u2026\u201d. Olhar pra frente e possa dizer: \u201c\u2026 Bueno, deve ter mais coisa boa pra fazer por l\u00e1\u2026\u201d<\/p>\n\n\n\n<p><\/p>\n\n\n\n<p><a href=\"https:\/\/freirers.com.br\/?p=238\"><strong>Al\u00e9m do Horizonte<\/strong><\/a><\/p>\n\n\n\n<p><\/p>\n\n\n\n<p>Ouvi dizer que sou um sonhador\u2026tamb\u00e9m ouvi que sou ing\u00eanuo e inocente\u2026e at\u00e9 esquisito. Refletindo ent\u00e3o, enxerguei um estilo de vida, pr\u00f3prio e caracter\u00edstico da minha fam\u00edlia (pai, m\u00e3e, meu irm\u00e3o e eu).<br>Vivemos em compaix\u00e3o, em estado de amor\u2026 Uma fam\u00edlia de Luz.<\/p>\n\n\n\n<p><\/p>\n\n\n\n<p><a href=\"https:\/\/freirers.com.br\/?p=51\"><b>Viver em Estado de Amor<\/b><\/a><\/p>\n\n\n\n<p><strong>O universo, nosso sistema solar e tudo o que \u201cexiste\u201d est\u00e1 coeso; cada coisa no seu lugar, cumprindo cada uma o seu papel de coexistir em harmonia e equil\u00edbrio.<\/strong><strong><br><em>A ordem natural das coisas \u00e9 relacionarem-se umas com as outras em harmonia\u2026<\/em><br>Somos um, enquanto resultado das nossas rela\u00e7\u00f5es, uns com os outros e com o meio. A individualidade s\u00f3 existe na forma.<\/strong><\/p>\n\n\n\n<p><strong><em>Fernando Freire<\/em><\/strong><\/p>\n\n\n\n<hr class=\"wp-block-separator has-text-color has-vivid-cyan-blue-color has-alpha-channel-opacity has-vivid-cyan-blue-background-color has-background\"\/>\n\n\n\n<p>Neste espa\u00e7o compartilho minhas considera\u00e7\u00f5es sobre a vida, fatos e alguma poesia\u2026e m\u00fasica\u2026e livros\u2026e\u2026tudo\u2026<\/p>\n\n\n\n<p>Sempre tive em mente pequenos mandamentos, que procurei passar adiante:<\/p>\n\n\n\n<ul class=\"wp-block-list\">\n<li>N\u00e3o fazer, ou desejar mal a ningu\u00e9m<\/li>\n\n\n\n<li>N\u00e3o destruir nada do meio<\/li>\n\n\n\n<li>Obedecer as leis e regras sociais<\/li>\n\n\n\n<li>N\u00e3o colocar a pr\u00f3pria vida em risco<\/li>\n\n\n\n<li>Cuidado com grupos<\/li>\n\n\n\n<li>Explora, reflita, experimenta\u2026.se for bom me mostra, que vou junto\u2026<\/li>\n\n\n\n<li>Busque o saber das coisas, mas sobretudo, a sabedoria\u2026<\/li>\n<\/ul>\n\n\n\n<p>Acrescento aqui o que um grande amigo dizia aos seus filhos:<\/p>\n\n\n\n<p>&#8220;&#8230;<em>aqueles que t\u00eam a oportunidade t\u00eam a obriga\u00e7\u00e3o de ajudar os outros<\/em>&#8230;&#8221;<\/p>\n\n\n\n<hr class=\"wp-block-separator has-text-color has-vivid-cyan-blue-color has-alpha-channel-opacity has-vivid-cyan-blue-background-color has-background\"\/>\n\n\n\n<p>Filosofando em algum momento da minha vida:<\/p>\n\n\n\n<p><em><strong>\u201cN\u00e3o deixa o tempo passar, vai junto!\u201d<\/strong><\/em><\/p>\n\n\n\n<p>Fernando Freire<\/p> \n\n<p class=\"has-text-align-right\"><p class=\"has-text-align-right\"><a href=\"http:\/\/freirers.com.br\/?p=81\"><strong>Minhas Reflex\u00f5es<\/strong><\/a><\/p>\n\n\n\n<hr class=\"wp-block-separator has-text-color has-vivid-cyan-blue-color has-alpha-channel-opacity has-vivid-cyan-blue-background-color has-background\"\/>\n\n\n\n<p>Hist\u00f3ria<\/p>\n\n\n\n<p>Eu nem era gente ainda e fui apresentado \u00e0 m\u00fasicas pela minha m\u00e3e, atrav\u00e9s dos discos, muitos discos. A m\u00fasica a seguir se tornou minha favorita e certamente vai me acompanhar at\u00e9 o fim, ou ao novo come\u00e7o\u2026.. (acho que eu tinha seis ou sete anos).<\/p>\n\n\n\n<figure class=\"wp-block-image size-full is-resized\"><img loading=\"lazy\" decoding=\"async\" width=\"713\" height=\"731\" src=\"http:\/\/freirers.com.br\/wp-content\/uploads\/2024\/10\/Sonata-ao-Luar.png\" alt=\"\" class=\"wp-image-60\" style=\"width:840px;height:auto\" srcset=\"https:\/\/freirers.com.br\/wp-content\/uploads\/2024\/10\/Sonata-ao-Luar.png 713w, https:\/\/freirers.com.br\/wp-content\/uploads\/2024\/10\/Sonata-ao-Luar-293x300.png 293w\" sizes=\"auto, (max-width: 713px) 100vw, 713px\" \/><\/figure>\n\n\n\n<p>Muitos discos em casa e esse quase inutilizei a capa de tanto manusear\u2026<\/p>\n\n\n\n<audio class=\"wp-audio-shortcode\" id=\"audio-9-1\" preload=\"none\" style=\"width: 100%;\" controls=\"controls\"><source type=\"audio\/mpeg\" src=\"http:\/\/freirers.com.br\/wp-content\/uploads\/2024\/10\/Moonlight-Sonato.mp3?_=1\" \/><a href=\"http:\/\/freirers.com.br\/wp-content\/uploads\/2024\/10\/Moonlight-Sonato.mp3\">http:\/\/freirers.com.br\/wp-content\/uploads\/2024\/10\/Moonlight-Sonato.mp3<\/a><\/audio>\n\n\n\n<p><em><strong>A&nbsp;Sonata para piano n.\u00ba 14,&nbsp; op 27 n.\u00ba 2&nbsp; (1801) \u00e9 uma&nbsp;sonata&nbsp;de&nbsp;Beethoven. Essa sonata foi muito tocada na \u00e9poca de Beethoven, que chegou a dizer que tinha feito m\u00fasicas melhores. A&nbsp;\u201cSonata ao Luar\u201d, que serviu de tema para in\u00fameros&nbsp;filmes&nbsp;e&nbsp;romances, s\u00f3 recebeu seu apelido em 1832, cinco anos depois da morte de Beethoven.<\/strong><\/em><\/p>\n\n\n\n<p>A partir da\u00ed a m\u00fasica sempre fez parte da minha vida. Praticamente em todos os momentos preciso estar ouvindo alguma m\u00fasica. Minha vida tem sido uma verdadeira trilha sonora. Muitos discos, muita pesquisa e novidades; sempre atualizado.<\/p>\n\n\n\n<p><\/p>\n\n\n\n<p><a href=\"mailto:fernando@freirers.com.br\">fernando@freirers.com.br<\/a><\/p>\n\n\n\n<p><\/p>\n\n\n\n<hr class=\"wp-block-separator has-text-color has-vivid-cyan-blue-color has-alpha-channel-opacity has-vivid-cyan-blue-background-color has-background\"\/>\n\n\n\n<p><strong>Antes de ver minha hist\u00f3ria e m\u00fasicas, conhe\u00e7a a &#8220;base&#8221; de tudo&#8230;<\/strong><\/p>\n\n\n\n<p><a href=\"https:\/\/freirers.com.br\/?p=94\">Pl\u00ednio e Elma<\/a><br>\n<a href=\"https:\/\/freirers.com.br\/?p=137\">Mano<\/a><br>\n<a href=\"https:\/\/freirers.com.br\/?p=104\">Tesouro da Juventude<\/a><br>\n<a href=\"https:\/\/freirers.com.br\/?p=107\">Amigos<\/a><br>\n<a href=\"https:\/\/freirers.com.br\/?p=647\">Natal<\/a><br>\n<\/p>\n\n\n\n<p class=\"has-text-align-right\">Agora sim&#8230;<p class=\"has-text-align-right\"><a href=\"http:\/\/freirers.com.br\/?p=250\"><strong>Minha Hist\u00f3ria<\/strong><\/a><\/p><\/p>\n\n\n\n<hr class=\"wp-block-separator has-text-color has-vivid-cyan-blue-color has-alpha-channel-opacity has-vivid-cyan-blue-background-color has-background\"\/>\n\n\n\n<p class=\"has-text-align-center\"><a href=\"javascript:history.go(-1)\">Voltar<\/a><\/p>\n\n\n\n<hr class=\"wp-block-separator has-text-color has-vivid-cyan-blue-color has-alpha-channel-opacity has-vivid-cyan-blue-background-color has-background\"\/>\n","protected":false},"excerpt":{"rendered":"<p>F\u00e9rias em Canela\/RS \u2013 05\/02\/2015 \u2013 14:14 Bem assim\u2026 viver\u2026 acordar e fazer o que tem de ser feito, observando tudo e compreendendo e crescendo, e aprendendo\u2026.Seguindo em frente sempre. Feliz da vida. Estou bem onde quer que esteja, ali\u00e1s, sempre estive onde quis estar\u2026 Ser bom. Viver com intensidade. Trabalhar. Produzir Construir\u2026 para que [&hellip;]<\/p>\n","protected":false},"author":1,"featured_media":0,"parent":0,"menu_order":0,"comment_status":"closed","ping_status":"closed","template":"","meta":{"footnotes":""},"class_list":["post-9","page","type-page","status-publish","hentry"],"_links":{"self":[{"href":"https:\/\/freirers.com.br\/index.php?rest_route=\/wp\/v2\/pages\/9","targetHints":{"allow":["GET"]}}],"collection":[{"href":"https:\/\/freirers.com.br\/index.php?rest_route=\/wp\/v2\/pages"}],"about":[{"href":"https:\/\/freirers.com.br\/index.php?rest_route=\/wp\/v2\/types\/page"}],"author":[{"embeddable":true,"href":"https:\/\/freirers.com.br\/index.php?rest_route=\/wp\/v2\/users\/1"}],"replies":[{"embeddable":true,"href":"https:\/\/freirers.com.br\/index.php?rest_route=%2Fwp%2Fv2%2Fcomments&post=9"}],"version-history":[{"count":50,"href":"https:\/\/freirers.com.br\/index.php?rest_route=\/wp\/v2\/pages\/9\/revisions"}],"predecessor-version":[{"id":1730,"href":"https:\/\/freirers.com.br\/index.php?rest_route=\/wp\/v2\/pages\/9\/revisions\/1730"}],"wp:attachment":[{"href":"https:\/\/freirers.com.br\/index.php?rest_route=%2Fwp%2Fv2%2Fmedia&parent=9"}],"curies":[{"name":"wp","href":"https:\/\/api.w.org\/{rel}","templated":true}]}}